{"id":275,"date":"2021-11-13T20:04:21","date_gmt":"2021-11-13T20:04:21","guid":{"rendered":"https:\/\/pipejackingcolombia.com\/?page_id=275"},"modified":"2021-11-13T20:29:16","modified_gmt":"2021-11-13T20:29:16","slug":"nosotros","status":"publish","type":"page","link":"https:\/\/pipejackingcolombia.com\/index.php\/nosotros\/","title":{"rendered":"Nosotros"},"content":{"rendered":"\t\t<div data-elementor-type=\"wp-page\" data-elementor-id=\"275\" class=\"elementor elementor-275\" data-elementor-settings=\"[]\">\n\t\t\t\t\t\t\t<div class=\"elementor-section-wrap\">\n\t\t\t\t\t\t\t<section class=\"elementor-section elementor-top-section elementor-element elementor-element-9061f36 elementor-section-boxed elementor-section-height-default elementor-section-height-default\" data-id=\"9061f36\" data-element_type=\"section\">\n\t\t\t\t\t\t<div class=\"elementor-container elementor-column-gap-default\">\n\t\t\t\t\t<div class=\"elementor-column elementor-col-100 elementor-top-column elementor-element elementor-element-4ba2ed28\" data-id=\"4ba2ed28\" data-element_type=\"column\" data-settings=\"{&quot;background_background&quot;:&quot;classic&quot;}\">\n\t\t\t<div class=\"elementor-widget-wrap elementor-element-populated\">\n\t\t\t\t\t\t\t\t<div class=\"elementor-element elementor-element-2712f951 elementor-widget elementor-widget-heading\" data-id=\"2712f951\" data-element_type=\"widget\" data-widget_type=\"heading.default\">\n\t\t\t\t<div class=\"elementor-widget-container\">\n\t\t\t<h2 class=\"elementor-heading-title elementor-size-default\">NOSOTROS<\/h2>\t\t<\/div>\n\t\t\t\t<\/div>\n\t\t\t\t\t<\/div>\n\t\t<\/div>\n\t\t\t\t\t\t\t<\/div>\n\t\t<\/section>\n\t\t\t\t<section class=\"elementor-section elementor-top-section elementor-element elementor-element-c50162f elementor-section-boxed elementor-section-height-default elementor-section-height-default\" data-id=\"c50162f\" data-element_type=\"section\">\n\t\t\t\t\t\t<div class=\"elementor-container elementor-column-gap-default\">\n\t\t\t\t\t<div class=\"elementor-column elementor-col-100 elementor-top-column elementor-element elementor-element-6211826\" data-id=\"6211826\" data-element_type=\"column\">\n\t\t\t<div class=\"elementor-widget-wrap elementor-element-populated\">\n\t\t\t\t\t\t\t\t<div class=\"elementor-element elementor-element-c824fed elementor-widget elementor-widget-image\" data-id=\"c824fed\" data-element_type=\"widget\" data-widget_type=\"image.default\">\n\t\t\t\t<div class=\"elementor-widget-container\">\n\t\t\t\t\t\t\t\t\t\t\t\t\t\t\t<img loading=\"lazy\" decoding=\"async\" width=\"768\" height=\"512\" src=\"https:\/\/pipejackingcolombia.com\/wp-content\/uploads\/2021\/11\/colleagues-discussing-new-ideas-at-business-meeting-768x512.jpg\" class=\"attachment-medium_large size-medium_large\" alt=\"\" srcset=\"https:\/\/pipejackingcolombia.com\/wp-content\/uploads\/2021\/11\/colleagues-discussing-new-ideas-at-business-meeting-768x512.jpg 768w, https:\/\/pipejackingcolombia.com\/wp-content\/uploads\/2021\/11\/colleagues-discussing-new-ideas-at-business-meeting-300x200.jpg 300w, https:\/\/pipejackingcolombia.com\/wp-content\/uploads\/2021\/11\/colleagues-discussing-new-ideas-at-business-meeting-1024x683.jpg 1024w, https:\/\/pipejackingcolombia.com\/wp-content\/uploads\/2021\/11\/colleagues-discussing-new-ideas-at-business-meeting.jpg 1500w\" sizes=\"auto, (max-width: 768px) 100vw, 768px\" \/>\t\t\t\t\t\t\t\t\t\t\t\t\t\t\t<\/div>\n\t\t\t\t<\/div>\n\t\t\t\t\t<\/div>\n\t\t<\/div>\n\t\t\t\t\t\t\t<\/div>\n\t\t<\/section>\n\t\t\t\t<section class=\"elementor-section elementor-top-section elementor-element elementor-element-f9890e4 elementor-section-boxed elementor-section-height-default elementor-section-height-default\" data-id=\"f9890e4\" data-element_type=\"section\">\n\t\t\t\t\t\t<div class=\"elementor-container elementor-column-gap-default\">\n\t\t\t\t\t<div class=\"elementor-column elementor-col-100 elementor-top-column elementor-element elementor-element-6cd18c7\" data-id=\"6cd18c7\" data-element_type=\"column\">\n\t\t\t<div class=\"elementor-widget-wrap elementor-element-populated\">\n\t\t\t\t\t\t\t\t<div class=\"elementor-element elementor-element-6ec897f elementor-widget elementor-widget-heading\" data-id=\"6ec897f\" data-element_type=\"widget\" data-widget_type=\"heading.default\">\n\t\t\t\t<div class=\"elementor-widget-container\">\n\t\t\t<h2 class=\"elementor-heading-title elementor-size-default\">\u00bfQUI\u00c9NES SOMOS?<\/h2>\t\t<\/div>\n\t\t\t\t<\/div>\n\t\t\t\t<div class=\"elementor-element elementor-element-b112a60 elementor-widget elementor-widget-text-editor\" data-id=\"b112a60\" data-element_type=\"widget\" data-widget_type=\"text-editor.default\">\n\t\t\t\t<div class=\"elementor-widget-container\">\n\t\t\t\t\t\t\t<p class=\"MsoNormal\"><span lang=\"ES-CO\">PIPE JACKING\nTECNOLOGIA Y MANTENIENTO es una empresa planeada y creada con el fin de ofrecer\nsoluciones de ingenier\u00eda en la gesti\u00f3n de mantenimiento, para diferentes\nequipos a nivel industrial, residencial y obra civil, nuestro prop\u00f3sito\nprincipal es realizar mantenimientos y reparaciones con alto nivel de\nconfiabilidad, contamos con instalaciones, personal t\u00e9cnico y empresa aliadas,\nque ayudan a d\u00eda a d\u00eda a que nuestro servicio sea mejor.&nbsp;<o:p><\/o:p><\/span><\/p>\t\t\t\t\t\t<\/div>\n\t\t\t\t<\/div>\n\t\t\t\t\t<\/div>\n\t\t<\/div>\n\t\t\t\t\t\t\t<\/div>\n\t\t<\/section>\n\t\t\t\t<section class=\"elementor-section elementor-top-section elementor-element elementor-element-d8b6c4a elementor-section-boxed elementor-section-height-default elementor-section-height-default\" data-id=\"d8b6c4a\" data-element_type=\"section\">\n\t\t\t\t\t\t<div class=\"elementor-container elementor-column-gap-default\">\n\t\t\t\t\t<div class=\"elementor-column elementor-col-100 elementor-top-column elementor-element elementor-element-5bd6384\" data-id=\"5bd6384\" data-element_type=\"column\">\n\t\t\t<div class=\"elementor-widget-wrap elementor-element-populated\">\n\t\t\t\t\t\t\t\t<div class=\"elementor-element elementor-element-18cbc73 elementor-widget elementor-widget-heading\" data-id=\"18cbc73\" data-element_type=\"widget\" data-widget_type=\"heading.default\">\n\t\t\t\t<div class=\"elementor-widget-container\">\n\t\t\t<h2 class=\"elementor-heading-title elementor-size-default\">\u00bfQUE HACEMOS?<\/h2>\t\t<\/div>\n\t\t\t\t<\/div>\n\t\t\t\t<div class=\"elementor-element elementor-element-23649bb elementor-widget elementor-widget-text-editor\" data-id=\"23649bb\" data-element_type=\"widget\" data-widget_type=\"text-editor.default\">\n\t\t\t\t<div class=\"elementor-widget-container\">\n\t\t\t\t\t\t\t<p style=\"margin-bottom:0cm;margin-bottom:.0001pt;text-align: justify;line-height:normal\"><span lang=\"ES-CO\">Asesoramos, suministramos, instalamos y mantenemos todo tipo de equipos relacionados con la operaci\u00f3n PIPE JACKING.<\/span><\/p><p style=\"margin-bottom:0cm;margin-bottom:.0001pt;text-align: justify;line-height:normal\"><span lang=\"ES-CO\"><br><\/span><\/p><p class=\"MsoNormal\" style=\"margin-bottom:0cm;margin-bottom:.0001pt;text-align:\njustify;line-height:normal\"><span lang=\"ES-CO\">Sistema De Marinaje<o:p><\/o:p><\/span><\/p><p class=\"MsoNormal\" style=\"margin-bottom:0cm;margin-bottom:.0001pt;text-align:\njustify;line-height:normal\"><span lang=\"ES-CO\">Sistema De Lubricaci\u00f3n<o:p><\/o:p><\/span><\/p><p class=\"MsoNormal\" style=\"margin-bottom:0cm;margin-bottom:.0001pt;text-align:\njustify;line-height:normal\"><span lang=\"ES-CO\">Sistema De Ventilaci\u00f3n <o:p><\/o:p><\/span><\/p><p class=\"MsoNormal\" style=\"margin-bottom:0cm;margin-bottom:.0001pt;text-align:\njustify;line-height:normal\"><span lang=\"ES-CO\">Sistema De Empuje (Estaciones\nIntermedias)<o:p><\/o:p><\/span><\/p><p class=\"MsoNormal\" style=\"margin-bottom:0cm;margin-bottom:.0001pt;text-align:\njustify;line-height:normal\"><span lang=\"ES-CO\">Sistemas De Guiado <o:p><\/o:p><\/span><\/p><p class=\"MsoNormal\" style=\"margin-bottom:0cm;margin-bottom:.0001pt;text-align:\njustify;line-height:normal\"><span lang=\"ES-CO\">Sistema De Comunicaci\u00f3n TBM,\nControl Container, Power Pack<o:p><\/o:p><\/span><\/p><p class=\"MsoNormal\" style=\"margin-bottom:0cm;margin-bottom:.0001pt;text-align:\njustify;line-height:normal\"><span lang=\"ES-CO\">Sistema De Bombeo Y Separaci\u00f3n\nMaterial De Excavaci\u00f3n AVN, EPB<o:p><\/o:p><\/span><\/p><p class=\"MsoNormal\" style=\"margin-bottom:0cm;margin-bottom:.0001pt;text-align:\njustify;line-height:normal\"><span lang=\"ES-CO\">Sistema De Excavaci\u00f3n Ruedas De Corte,\nExtensi\u00f3n Kits <o:p><\/o:p><\/span><\/p><p style=\"margin-bottom:0cm;margin-bottom:.0001pt;text-align: justify;line-height:normal\"><span lang=\"ES-CO\">\n\n\n\n\n\n\n\n\n\n\n\n\n\n\n\n<\/span><\/p><p class=\"MsoNormal\" style=\"margin-bottom:0cm;margin-bottom:.0001pt;text-align:\njustify;line-height:normal\"><span lang=\"ES-CO\">Sistemas De Lubricaci\u00f3n De\nCentralizado&nbsp;<o:p><\/o:p><\/span><\/p>\n<p style=\"margin-bottom:0cm;margin-bottom:.0001pt;text-align: justify;line-height:normal\">\n<\/p>\t\t\t\t\t\t<\/div>\n\t\t\t\t<\/div>\n\t\t\t\t\t<\/div>\n\t\t<\/div>\n\t\t\t\t\t\t\t<\/div>\n\t\t<\/section>\n\t\t\t\t\t\t<\/div>\n\t\t\t\t\t<\/div>\n\t\t","protected":false},"excerpt":{"rendered":"<p>NOSOTROS \u00bfQUI\u00c9NES SOMOS? PIPE JACKING TECNOLOGIA Y MANTENIENTO es una empresa planeada y creada con el fin de ofrecer soluciones de ingenier\u00eda en la gesti\u00f3n de mantenimiento, para diferentes equipos a nivel industrial, residencial y obra civil, nuestro prop\u00f3sito principal es realizar mantenimientos y reparaciones con alto nivel de confiabilidad, contamos con instalaciones, personal t\u00e9cnico [&hellip;]<\/p>\n","protected":false},"author":1,"featured_media":0,"parent":0,"menu_order":0,"comment_status":"closed","ping_status":"closed","template":"","meta":{"om_disable_all_campaigns":false,"_monsterinsights_skip_tracking":false,"_monsterinsights_sitenote_active":false,"_monsterinsights_sitenote_note":"","_monsterinsights_sitenote_category":0,"spay_email":"","footnotes":""},"class_list":["post-275","page","type-page","status-publish","hentry"],"_links":{"self":[{"href":"https:\/\/pipejackingcolombia.com\/index.php\/wp-json\/wp\/v2\/pages\/275","targetHints":{"allow":["GET"]}}],"collection":[{"href":"https:\/\/pipejackingcolombia.com\/index.php\/wp-json\/wp\/v2\/pages"}],"about":[{"href":"https:\/\/pipejackingcolombia.com\/index.php\/wp-json\/wp\/v2\/types\/page"}],"author":[{"embeddable":true,"href":"https:\/\/pipejackingcolombia.com\/index.php\/wp-json\/wp\/v2\/users\/1"}],"replies":[{"embeddable":true,"href":"https:\/\/pipejackingcolombia.com\/index.php\/wp-json\/wp\/v2\/comments?post=275"}],"version-history":[{"count":13,"href":"https:\/\/pipejackingcolombia.com\/index.php\/wp-json\/wp\/v2\/pages\/275\/revisions"}],"predecessor-version":[{"id":293,"href":"https:\/\/pipejackingcolombia.com\/index.php\/wp-json\/wp\/v2\/pages\/275\/revisions\/293"}],"wp:attachment":[{"href":"https:\/\/pipejackingcolombia.com\/index.php\/wp-json\/wp\/v2\/media?parent=275"}],"curies":[{"name":"wp","href":"https:\/\/api.w.org\/{rel}","templated":true}]}}