{"id":297,"date":"2021-11-13T20:34:35","date_gmt":"2021-11-13T20:34:35","guid":{"rendered":"https:\/\/pipejackingcolombia.com\/?page_id=297"},"modified":"2021-11-13T20:43:43","modified_gmt":"2021-11-13T20:43:43","slug":"calidad","status":"publish","type":"page","link":"https:\/\/pipejackingcolombia.com\/index.php\/calidad\/","title":{"rendered":"Calidad"},"content":{"rendered":"\t\t<div data-elementor-type=\"wp-page\" data-elementor-id=\"297\" class=\"elementor elementor-297\" data-elementor-settings=\"[]\">\n\t\t\t\t\t\t\t<div class=\"elementor-section-wrap\">\n\t\t\t\t\t\t\t<section class=\"elementor-section elementor-top-section elementor-element elementor-element-3811bcfb elementor-section-boxed elementor-section-height-default elementor-section-height-default\" data-id=\"3811bcfb\" data-element_type=\"section\">\n\t\t\t\t\t\t<div class=\"elementor-container elementor-column-gap-default\">\n\t\t\t\t\t<div class=\"elementor-column elementor-col-100 elementor-top-column elementor-element elementor-element-127312cc\" data-id=\"127312cc\" data-element_type=\"column\" data-settings=\"{&quot;background_background&quot;:&quot;classic&quot;}\">\n\t\t\t<div class=\"elementor-widget-wrap elementor-element-populated\">\n\t\t\t\t\t\t\t\t<div class=\"elementor-element elementor-element-46bd7db8 elementor-widget elementor-widget-heading\" data-id=\"46bd7db8\" data-element_type=\"widget\" data-widget_type=\"heading.default\">\n\t\t\t\t<div class=\"elementor-widget-container\">\n\t\t\t<h2 class=\"elementor-heading-title elementor-size-default\">CALIDAD<\/h2>\t\t<\/div>\n\t\t\t\t<\/div>\n\t\t\t\t\t<\/div>\n\t\t<\/div>\n\t\t\t\t\t\t\t<\/div>\n\t\t<\/section>\n\t\t\t\t<section class=\"elementor-section elementor-top-section elementor-element elementor-element-6d57ff36 elementor-section-boxed elementor-section-height-default elementor-section-height-default\" data-id=\"6d57ff36\" data-element_type=\"section\">\n\t\t\t\t\t\t<div class=\"elementor-container elementor-column-gap-default\">\n\t\t\t\t\t<div class=\"elementor-column elementor-col-100 elementor-top-column elementor-element elementor-element-1097a928\" data-id=\"1097a928\" data-element_type=\"column\">\n\t\t\t<div class=\"elementor-widget-wrap elementor-element-populated\">\n\t\t\t\t\t\t\t\t<div class=\"elementor-element elementor-element-5258f209 elementor-widget elementor-widget-image\" data-id=\"5258f209\" data-element_type=\"widget\" data-widget_type=\"image.default\">\n\t\t\t\t<div class=\"elementor-widget-container\">\n\t\t\t\t\t\t\t\t\t\t\t\t\t\t\t<img loading=\"lazy\" decoding=\"async\" width=\"768\" height=\"561\" src=\"https:\/\/pipejackingcolombia.com\/wp-content\/uploads\/2021\/11\/quality-control-improvement-development-concept-768x561.jpg\" class=\"attachment-medium_large size-medium_large\" alt=\"\" srcset=\"https:\/\/pipejackingcolombia.com\/wp-content\/uploads\/2021\/11\/quality-control-improvement-development-concept-768x561.jpg 768w, https:\/\/pipejackingcolombia.com\/wp-content\/uploads\/2021\/11\/quality-control-improvement-development-concept-300x219.jpg 300w, https:\/\/pipejackingcolombia.com\/wp-content\/uploads\/2021\/11\/quality-control-improvement-development-concept-1024x748.jpg 1024w, https:\/\/pipejackingcolombia.com\/wp-content\/uploads\/2021\/11\/quality-control-improvement-development-concept-1536x1122.jpg 1536w, https:\/\/pipejackingcolombia.com\/wp-content\/uploads\/2021\/11\/quality-control-improvement-development-concept-2048x1496.jpg 2048w\" sizes=\"auto, (max-width: 768px) 100vw, 768px\" \/>\t\t\t\t\t\t\t\t\t\t\t\t\t\t\t<\/div>\n\t\t\t\t<\/div>\n\t\t\t\t\t<\/div>\n\t\t<\/div>\n\t\t\t\t\t\t\t<\/div>\n\t\t<\/section>\n\t\t\t\t<section class=\"elementor-section elementor-top-section elementor-element elementor-element-44c7f631 elementor-section-boxed elementor-section-height-default elementor-section-height-default\" data-id=\"44c7f631\" data-element_type=\"section\">\n\t\t\t\t\t\t<div class=\"elementor-container elementor-column-gap-default\">\n\t\t\t\t\t<div class=\"elementor-column elementor-col-100 elementor-top-column elementor-element elementor-element-71d3f62e\" data-id=\"71d3f62e\" data-element_type=\"column\">\n\t\t\t<div class=\"elementor-widget-wrap elementor-element-populated\">\n\t\t\t\t\t\t\t\t<div class=\"elementor-element elementor-element-135f460f elementor-widget elementor-widget-heading\" data-id=\"135f460f\" data-element_type=\"widget\" data-widget_type=\"heading.default\">\n\t\t\t\t<div class=\"elementor-widget-container\">\n\t\t\t<h2 class=\"elementor-heading-title elementor-size-default\">POL\u00cdTICAS DE CALIDAD<\/h2>\t\t<\/div>\n\t\t\t\t<\/div>\n\t\t\t\t<div class=\"elementor-element elementor-element-7e9309b7 elementor-widget elementor-widget-text-editor\" data-id=\"7e9309b7\" data-element_type=\"widget\" data-widget_type=\"text-editor.default\">\n\t\t\t\t<div class=\"elementor-widget-container\">\n\t\t\t\t\t\t\t<p class=\"MsoNormal\"><span lang=\"ES-CO\">El equipo de trabajo de PIPE JACKING TECNOLOG\u00cdA Y MANTENIMIENTO SAS, desarrolla sus desaf\u00edos del d\u00eda a d\u00eda partir de una altura basada en calidad, honestidad y un alto grado de responsabilidad, sabemos que nuestros clientes siempre buscan un servicio eficaz, a partir de una adecuada asesor\u00eda t\u00e9cnica que garantice un servicio oportuno, al contar con personal competente capacitado, parar dar cumplimiento a los requisitos de nuestros clientes y la mejora continua del sistema.<\/span><\/p>\t\t\t\t\t\t<\/div>\n\t\t\t\t<\/div>\n\t\t\t\t\t<\/div>\n\t\t<\/div>\n\t\t\t\t\t\t\t<\/div>\n\t\t<\/section>\n\t\t\t\t<section class=\"elementor-section elementor-top-section elementor-element elementor-element-1d02f74f elementor-section-boxed elementor-section-height-default elementor-section-height-default\" data-id=\"1d02f74f\" data-element_type=\"section\">\n\t\t\t\t\t\t<div class=\"elementor-container elementor-column-gap-default\">\n\t\t\t\t\t<div class=\"elementor-column elementor-col-100 elementor-top-column elementor-element elementor-element-28c77083\" data-id=\"28c77083\" data-element_type=\"column\">\n\t\t\t<div class=\"elementor-widget-wrap elementor-element-populated\">\n\t\t\t\t\t\t\t\t<div class=\"elementor-element elementor-element-64b8ff25 elementor-widget elementor-widget-heading\" data-id=\"64b8ff25\" data-element_type=\"widget\" data-widget_type=\"heading.default\">\n\t\t\t\t<div class=\"elementor-widget-container\">\n\t\t\t<h2 class=\"elementor-heading-title elementor-size-default\">OBJETIVOS DE CALIDAD<\/h2>\t\t<\/div>\n\t\t\t\t<\/div>\n\t\t\t\t<div class=\"elementor-element elementor-element-117d1a61 elementor-widget elementor-widget-text-editor\" data-id=\"117d1a61\" data-element_type=\"widget\" data-widget_type=\"text-editor.default\">\n\t\t\t\t<div class=\"elementor-widget-container\">\n\t\t\t\t\t\t\t<p>\u00a0<\/p><ol><li style=\"text-align: left;\"><span lang=\"ES-CO\">Atender oportunamente las necesidades de nuestros clientes <\/span><\/li><li style=\"text-align: left;\"><span lang=\"ES-CO\">Lograr la satisfacci\u00f3n del cliente <\/span><\/li><li style=\"text-align: left;\"><span lang=\"ES-CO\">Prestar una adecuada asesor\u00eda t\u00e9cnica <\/span><\/li><li style=\"text-align: left;\"><span lang=\"ES-CO\">Garantizar el mejoramiento continuo de la eficacia del sistema de gesti\u00f3n<\/span><\/li><li style=\"text-align: left;\"><span style=\"font-size: 1rem;\">Contar con personal capacitado, equipos e insumos con alto nivel de confiabilidad\u00a0<\/span><\/li><\/ol>\t\t\t\t\t\t<\/div>\n\t\t\t\t<\/div>\n\t\t\t\t\t<\/div>\n\t\t<\/div>\n\t\t\t\t\t\t\t<\/div>\n\t\t<\/section>\n\t\t\t\t\t\t<\/div>\n\t\t\t\t\t<\/div>\n\t\t","protected":false},"excerpt":{"rendered":"<p>CALIDAD POL\u00cdTICAS DE CALIDAD El equipo de trabajo de PIPE JACKING TECNOLOG\u00cdA Y MANTENIMIENTO SAS, desarrolla sus desaf\u00edos del d\u00eda a d\u00eda partir de una altura basada en calidad, honestidad y un alto grado de responsabilidad, sabemos que nuestros clientes siempre buscan un servicio eficaz, a partir de una adecuada asesor\u00eda t\u00e9cnica que garantice un [&hellip;]<\/p>\n","protected":false},"author":1,"featured_media":0,"parent":0,"menu_order":0,"comment_status":"closed","ping_status":"closed","template":"","meta":{"om_disable_all_campaigns":false,"_monsterinsights_skip_tracking":false,"_monsterinsights_sitenote_active":false,"_monsterinsights_sitenote_note":"","_monsterinsights_sitenote_category":0,"spay_email":"","footnotes":""},"class_list":["post-297","page","type-page","status-publish","hentry"],"_links":{"self":[{"href":"https:\/\/pipejackingcolombia.com\/index.php\/wp-json\/wp\/v2\/pages\/297","targetHints":{"allow":["GET"]}}],"collection":[{"href":"https:\/\/pipejackingcolombia.com\/index.php\/wp-json\/wp\/v2\/pages"}],"about":[{"href":"https:\/\/pipejackingcolombia.com\/index.php\/wp-json\/wp\/v2\/types\/page"}],"author":[{"embeddable":true,"href":"https:\/\/pipejackingcolombia.com\/index.php\/wp-json\/wp\/v2\/users\/1"}],"replies":[{"embeddable":true,"href":"https:\/\/pipejackingcolombia.com\/index.php\/wp-json\/wp\/v2\/comments?post=297"}],"version-history":[{"count":16,"href":"https:\/\/pipejackingcolombia.com\/index.php\/wp-json\/wp\/v2\/pages\/297\/revisions"}],"predecessor-version":[{"id":316,"href":"https:\/\/pipejackingcolombia.com\/index.php\/wp-json\/wp\/v2\/pages\/297\/revisions\/316"}],"wp:attachment":[{"href":"https:\/\/pipejackingcolombia.com\/index.php\/wp-json\/wp\/v2\/media?parent=297"}],"curies":[{"name":"wp","href":"https:\/\/api.w.org\/{rel}","templated":true}]}}